{"id":3,"date":"2026-03-12T13:17:01","date_gmt":"2026-03-12T12:17:01","guid":{"rendered":"https:\/\/celoterapie.cz\/?page_id=3"},"modified":"2026-03-23T20:55:45","modified_gmt":"2026-03-23T19:55:45","slug":"ochrana-osobnich-udaju","status":"publish","type":"page","link":"https:\/\/celoterapie.cz\/en\/ochrana-osobnich-udaju\/","title":{"rendered":"Z\u00e1sady ochrany osobn\u00edch \u00fadaj\u016f"},"content":{"rendered":"<h2 class=\"wp-block-heading\">Ochrana osobn\u00edch \u00fadaj\u016f<\/h2>\n\n\n\n<p>Na webu <a href=\"https:\/\/celoterapie.cz\/en\/\">https:\/\/celoterapie.cz<\/a> zpracov\u00e1v\u00e1me pouze osobn\u00ed \u00fadaje, kter\u00e9 n\u00e1m dobrovoln\u011b poskytnete prost\u0159ednictv\u00edm kontaktn\u00edho formul\u00e1\u0159e, zejm\u00e9na jm\u00e9no a e-mailovou adresu.<\/p>\n\n\n\n<p class=\"ext-animate--on\">Tyto \u00fadaje pou\u017e\u00edv\u00e1me v\u00fdhradn\u011b za \u00fa\u010delem odpov\u011bdi na v\u00e1\u0161 dotaz a dal\u0161\u00ed komunikace.<\/p>\n\n\n\n<p class=\"ext-animate--on\">Va\u0161e osobn\u00ed \u00fadaje nejsou p\u0159ed\u00e1v\u00e1ny t\u0159et\u00edm stran\u00e1m, s v\u00fdjimkou technick\u00fdch poskytovatel\u016f slu\u017eeb (nap\u0159. e-mailov\u00e9 slu\u017eby nebo hosting), kte\u0159\u00ed zaji\u0161\u0165uj\u00ed chod webu.<\/p>\n\n\n\n<p class=\"ext-animate--on\">\u00dadaje uchov\u00e1v\u00e1me pouze po dobu nezbytn\u011b nutnou pro vy\u0159\u00edzen\u00ed va\u0161\u00ed zpr\u00e1vy.<\/p>\n\n\n\n<h2 class=\"wp-block-heading\">Cookies<\/h2>\n\n\n\n<p>Na\u0161e webov\u00e9 str\u00e1nky mohou pou\u017e\u00edvat soubory cookies za \u00fa\u010delem zaji\u0161t\u011bn\u00ed spr\u00e1vn\u00e9ho fungov\u00e1n\u00ed webu a p\u0159\u00edpadn\u011b pro anal\u00fdzu n\u00e1v\u0161t\u011bvnosti.<\/p>\n\n\n\n<p class=\"ext-animate--on\">Pou\u017e\u00edv\u00e1n\u00edm tohoto webu souhlas\u00edte s jejich pou\u017eit\u00edm.<\/p>\n\n\n\n<h2 class=\"wp-block-heading\">Va\u0161e pr\u00e1va<\/h2>\n\n\n\n<p>M\u00e1te pr\u00e1vo:<br>&#8211; po\u017e\u00e1dat o p\u0159\u00edstup ke sv\u00fdm osobn\u00edm \u00fadaj\u016fm<br>&#8211; po\u017e\u00e1dat o opravu nebo v\u00fdmaz<br>&#8211; vzn\u00e9st n\u00e1mitku proti zpracov\u00e1n\u00ed<\/p>\n\n\n\n<h2 class=\"wp-block-heading\">Contact<\/h2>\n\n\n\n<p>V p\u0159\u00edpad\u011b dotaz\u016f n\u00e1s m\u016f\u017eete kontaktovat na e-mailu:<br>info@celoterapie.cz<\/p>","protected":false},"excerpt":{"rendered":"<p>Ochrana osobn\u00edch \u00fadaj\u016f Na webu https:\/\/celoterapie.cz zpracov\u00e1v\u00e1me pouze osobn\u00ed \u00fadaje, kter\u00e9 n\u00e1m dobrovoln\u011b poskytnete prost\u0159ednictv\u00edm kontaktn\u00edho formul\u00e1\u0159e, zejm\u00e9na jm\u00e9no a e-mailovou adresu. Tyto \u00fadaje pou\u017e\u00edv\u00e1me v\u00fdhradn\u011b za \u00fa\u010delem odpov\u011bdi na v\u00e1\u0161 dotaz a dal\u0161\u00ed komunikace. Va\u0161e osobn\u00ed \u00fadaje nejsou p\u0159ed\u00e1v\u00e1ny t\u0159et\u00edm stran\u00e1m, s v\u00fdjimkou technick\u00fdch poskytovatel\u016f slu\u017eeb (nap\u0159. e-mailov\u00e9 slu\u017eby nebo hosting), kte\u0159\u00ed zaji\u0161\u0165uj\u00ed chod [&hellip;]<\/p>\n","protected":false},"author":1,"featured_media":0,"parent":0,"menu_order":0,"comment_status":"closed","ping_status":"open","template":"","meta":{"footnotes":""},"class_list":["post-3","page","type-page","status-publish","hentry"],"_links":{"self":[{"href":"https:\/\/celoterapie.cz\/en\/wp-json\/wp\/v2\/pages\/3","targetHints":{"allow":["GET"]}}],"collection":[{"href":"https:\/\/celoterapie.cz\/en\/wp-json\/wp\/v2\/pages"}],"about":[{"href":"https:\/\/celoterapie.cz\/en\/wp-json\/wp\/v2\/types\/page"}],"author":[{"embeddable":true,"href":"https:\/\/celoterapie.cz\/en\/wp-json\/wp\/v2\/users\/1"}],"replies":[{"embeddable":true,"href":"https:\/\/celoterapie.cz\/en\/wp-json\/wp\/v2\/comments?post=3"}],"version-history":[{"count":2,"href":"https:\/\/celoterapie.cz\/en\/wp-json\/wp\/v2\/pages\/3\/revisions"}],"predecessor-version":[{"id":198,"href":"https:\/\/celoterapie.cz\/en\/wp-json\/wp\/v2\/pages\/3\/revisions\/198"}],"wp:attachment":[{"href":"https:\/\/celoterapie.cz\/en\/wp-json\/wp\/v2\/media?parent=3"}],"curies":[{"name":"wp","href":"https:\/\/api.w.org\/{rel}","templated":true}]}}